{"id":1851,"date":"2021-05-27T05:44:02","date_gmt":"2021-05-27T09:44:02","guid":{"rendered":"https:\/\/basdwpweb.beth.k12.pa.us\/broughal\/?page_id=1851"},"modified":"2025-08-15T00:20:48","modified_gmt":"2025-08-15T04:20:48","slug":"principals-message","status":"publish","type":"page","link":"https:\/\/basdwpweb.beth.k12.pa.us\/broughal\/principals-message\/","title":{"rendered":"Principal"},"content":{"rendered":"<div class=\"fcbkbttn_buttons_block\" id=\"fcbkbttn_left\"><div class=\"fcbkbttn_button\">\n\t\t\t\t\t<a href=\"https:\/\/www.facebook.com\/\" target=\"_blank\">\n\t\t\t\t\t\t<img decoding=\"async\" src=\"https:\/\/basdwpweb.beth.k12.pa.us\/broughal\/wp-content\/plugins\/facebook-button-plugin\/images\/standard-facebook-ico.png\" alt=\"Fb-Button\" \/>\n\t\t\t\t\t<\/a>\n\t\t\t\t<\/div><div class=\"fcbkbttn_like \"><fb:like href=\"https:\/\/basdwpweb.beth.k12.pa.us\/broughal\/principals-message\/\" action=\"like\" colorscheme=\"light\" layout=\"button_count\"  size=\"small\"><\/fb:like><\/div><\/div><p style=\"text-align: center\"><a href=\"http:\/\/basdwpweb.beth.k12.pa.us\/broughal\/wp-content\/uploads\/sites\/4\/Reese-Headshot-scaled.jpg\"><img loading=\"lazy\" decoding=\"async\" class=\"alignnone size-medium wp-image-3911\" src=\"http:\/\/basdwpweb.beth.k12.pa.us\/broughal\/wp-content\/uploads\/sites\/4\/Reese-Headshot-225x300.jpg\" alt=\"\" width=\"225\" height=\"300\" srcset=\"https:\/\/basdwpweb.beth.k12.pa.us\/broughal\/wp-content\/uploads\/sites\/4\/Reese-Headshot-225x300.jpg 225w, https:\/\/basdwpweb.beth.k12.pa.us\/broughal\/wp-content\/uploads\/sites\/4\/Reese-Headshot-768x1024.jpg 768w, https:\/\/basdwpweb.beth.k12.pa.us\/broughal\/wp-content\/uploads\/sites\/4\/Reese-Headshot-1152x1536.jpg 1152w, https:\/\/basdwpweb.beth.k12.pa.us\/broughal\/wp-content\/uploads\/sites\/4\/Reese-Headshot-1536x2048.jpg 1536w, https:\/\/basdwpweb.beth.k12.pa.us\/broughal\/wp-content\/uploads\/sites\/4\/Reese-Headshot-scaled.jpg 1920w\" sizes=\"auto, (max-width: 225px) 100vw, 225px\" \/><\/a><\/p>\n<p style=\"text-align: center\">Dr. Brittany Reese, Principal 2025-2026<\/p>\n<p>Dear Broughal Community,<\/p>\n<p>It is an honor and privilege to serve as the principal of Broughal Middle School. This year will be my fifteenth year in education and my eighth year at Broughal. Previously, I served as an 8th grade Social Studies teacher, and most recently, as the Dean of Students. At Broughal, it is our mission to provide each child with a high-quality education that exposes them to healthy challenges and opportunities to explore their passions and interests. We believe in creating environments where all students can become resilient, reflective, and creative leaders who will shape a bright future for themselves and positively impact the world around them.<\/p>\n<p><span style=\"font-weight: 400\">I am eager to connect with our students and cultivate strong relationships with Broughal families. I firmly believe in and advocate for a team-oriented approach to student support. Parental involvement and input are crucial in building a robust and supportive team, empowering our students to achieve their fullest potential. Increased parental engagement during their child&#8217;s middle school years, and with the school community, directly correlates with improved student performance. We genuinely welcome your active participation and look forward to meeting each of you throughout the 2025-2026 school year.<\/span><\/p>\n<p>Thank you and welcome to Broughal Middle School.\u00a0<em><strong>Go Rockets!<\/strong><\/em><\/p>\n<p>Dr. Reese<\/p>\n<p>Principal<\/p>\n<p>______________________<a href=\"https:\/\/basdwpweb.beth.k12.pa.us\/broughal\/principal\/e2vpbooxiaieais\/\" rel=\"attachment wp-att-1847\"><br \/>\n<\/a><\/p>\n<p id=\"tw-target-text\" class=\"tw-data-text tw-text-large tw-ta\" dir=\"ltr\" data-placeholder=\"Translation\" data-ved=\"2ahUKEwj5zb3P3oqOAxWAEVkFHRsGEXoQ3ewLegQIChAV\" aria-label=\"Translated text: Estimada comunidad de Broughal: Es un honor y un privilegio ser directora de la Escuela Intermedia Broughal. Este a\u00f1o cumplo quince a\u00f1os en el \u00e1mbito educativo y mi octavo en Broughal. Anteriormente, fui profesora de Estudios Sociales de octavo grado y, m\u00e1s recientemente, decana de estudiantes. En Broughal, nuestra misi\u00f3n es brindar a cada ni\u00f1o una educaci\u00f3n de alta calidad que los exponga a desaf\u00edos saludables y les brinde oportunidades para explorar sus pasiones e intereses. Creemos en la creaci\u00f3n de entornos donde todos los estudiantes puedan convertirse en l\u00edderes resilientes, reflexivos y creativos que forjar\u00e1n un futuro brillante e impactar\u00e1n positivamente el mundo que los rodea. Me entusiasma conectar con nuestros estudiantes y cultivar relaciones s\u00f3lidas con las familias de Broughal. Creo firmemente en y defiendo un enfoque de apoyo estudiantil basado en el trabajo en equipo. La participaci\u00f3n y las aportaciones de los padres son cruciales para construir un equipo s\u00f3lido y solidario, que empodere a nuestros estudiantes para que alcancen su m\u00e1ximo potencial. Una mayor participaci\u00f3n de los padres durante los a\u00f1os de escuela intermedia de sus hijos, y con la comunidad escolar, se correlaciona directamente con un mejor rendimiento estudiantil. Agradecemos sinceramente su participaci\u00f3n activa y esperamos conocerlos a cada uno de ustedes durante el a\u00f1o escolar 2025-2026. Gracias y bienvenidos a la Escuela Intermedia Broughal. \u00a1Vamos Rockets! Dra. Reese Directora\"><span class=\"Y2IQFc\" lang=\"es\">Estimada comunidad de Broughal,<\/span><\/p>\n<p class=\"tw-data-text tw-text-large tw-ta\" dir=\"ltr\" data-placeholder=\"Translation\" data-ved=\"2ahUKEwj5zb3P3oqOAxWAEVkFHRsGEXoQ3ewLegQIChAV\" aria-label=\"Translated text: Estimada comunidad de Broughal: Es un honor y un privilegio ser directora de la Escuela Intermedia Broughal. Este a\u00f1o cumplo quince a\u00f1os en el \u00e1mbito educativo y mi octavo en Broughal. Anteriormente, fui profesora de Estudios Sociales de octavo grado y, m\u00e1s recientemente, decana de estudiantes. En Broughal, nuestra misi\u00f3n es brindar a cada ni\u00f1o una educaci\u00f3n de alta calidad que los exponga a desaf\u00edos saludables y les brinde oportunidades para explorar sus pasiones e intereses. Creemos en la creaci\u00f3n de entornos donde todos los estudiantes puedan convertirse en l\u00edderes resilientes, reflexivos y creativos que forjar\u00e1n un futuro brillante e impactar\u00e1n positivamente el mundo que los rodea. Me entusiasma conectar con nuestros estudiantes y cultivar relaciones s\u00f3lidas con las familias de Broughal. Creo firmemente en y defiendo un enfoque de apoyo estudiantil basado en el trabajo en equipo. La participaci\u00f3n y las aportaciones de los padres son cruciales para construir un equipo s\u00f3lido y solidario, que empodere a nuestros estudiantes para que alcancen su m\u00e1ximo potencial. Una mayor participaci\u00f3n de los padres durante los a\u00f1os de escuela intermedia de sus hijos, y con la comunidad escolar, se correlaciona directamente con un mejor rendimiento estudiantil. Agradecemos sinceramente su participaci\u00f3n activa y esperamos conocerlos a cada uno de ustedes durante el a\u00f1o escolar 2025-2026. Gracias y bienvenidos a la Escuela Intermedia Broughal. \u00a1Vamos Rockets! Dra. Reese Directora\"><span class=\"Y2IQFc\" lang=\"es\"> Es un honor y un privilegio ser directora de la Escuela Intermedia Broughal. Este a\u00f1o cumplo quince a\u00f1os en el \u00e1mbito educativo y mi octavo en Broughal. Anteriormente, fui profesora de Estudios Sociales de octavo grado y, m\u00e1s recientemente, decana de estudiantes. En Broughal, nuestra misi\u00f3n es brindar a cada ni\u00f1o una educaci\u00f3n de alta calidad que los exponga a desaf\u00edos saludables y les brinde oportunidades para explorar sus pasiones e intereses. Creemos en la creaci\u00f3n de entornos donde todos los estudiantes puedan convertirse en l\u00edderes resilientes, reflexivos y creativos que forjar\u00e1n un futuro brillante e impactar\u00e1n positivamente el mundo que los rodea. <\/span><\/p>\n<p class=\"tw-data-text tw-text-large tw-ta\" dir=\"ltr\" data-placeholder=\"Translation\" data-ved=\"2ahUKEwj5zb3P3oqOAxWAEVkFHRsGEXoQ3ewLegQIChAV\" aria-label=\"Translated text: Estimada comunidad de Broughal: Es un honor y un privilegio ser directora de la Escuela Intermedia Broughal. Este a\u00f1o cumplo quince a\u00f1os en el \u00e1mbito educativo y mi octavo en Broughal. Anteriormente, fui profesora de Estudios Sociales de octavo grado y, m\u00e1s recientemente, decana de estudiantes. En Broughal, nuestra misi\u00f3n es brindar a cada ni\u00f1o una educaci\u00f3n de alta calidad que los exponga a desaf\u00edos saludables y les brinde oportunidades para explorar sus pasiones e intereses. Creemos en la creaci\u00f3n de entornos donde todos los estudiantes puedan convertirse en l\u00edderes resilientes, reflexivos y creativos que forjar\u00e1n un futuro brillante e impactar\u00e1n positivamente el mundo que los rodea. Me entusiasma conectar con nuestros estudiantes y cultivar relaciones s\u00f3lidas con las familias de Broughal. Creo firmemente en y defiendo un enfoque de apoyo estudiantil basado en el trabajo en equipo. La participaci\u00f3n y las aportaciones de los padres son cruciales para construir un equipo s\u00f3lido y solidario, que empodere a nuestros estudiantes para que alcancen su m\u00e1ximo potencial. Una mayor participaci\u00f3n de los padres durante los a\u00f1os de escuela intermedia de sus hijos, y con la comunidad escolar, se correlaciona directamente con un mejor rendimiento estudiantil. Agradecemos sinceramente su participaci\u00f3n activa y esperamos conocerlos a cada uno de ustedes durante el a\u00f1o escolar 2025-2026. Gracias y bienvenidos a la Escuela Intermedia Broughal. \u00a1Vamos Rockets! Dra. Reese Directora\"><span class=\"Y2IQFc\" lang=\"es\">Me entusiasma conectar con nuestros estudiantes y cultivar relaciones s\u00f3lidas con las familias de Broughal. Creo firmemente en y defiendo un enfoque de apoyo estudiantil basado en el trabajo en equipo. La participaci\u00f3n y las aportaciones de los padres son cruciales para construir un equipo s\u00f3lido y solidario, que empodere a nuestros estudiantes para que alcancen su m\u00e1ximo potencial. Una mayor participaci\u00f3n de los padres durante los a\u00f1os de escuela intermedia de sus hijos, y con la comunidad escolar, se correlaciona directamente con un mejor rendimiento estudiantil. Agradecemos sinceramente su participaci\u00f3n activa y esperamos conocerlos a cada uno de ustedes durante el a\u00f1o escolar 2025-2026. <\/span><\/p>\n<p class=\"tw-data-text tw-text-large tw-ta\" dir=\"ltr\" data-placeholder=\"Translation\" data-ved=\"2ahUKEwj5zb3P3oqOAxWAEVkFHRsGEXoQ3ewLegQIChAV\" aria-label=\"Translated text: Estimada comunidad de Broughal: Es un honor y un privilegio ser directora de la Escuela Intermedia Broughal. Este a\u00f1o cumplo quince a\u00f1os en el \u00e1mbito educativo y mi octavo en Broughal. Anteriormente, fui profesora de Estudios Sociales de octavo grado y, m\u00e1s recientemente, decana de estudiantes. En Broughal, nuestra misi\u00f3n es brindar a cada ni\u00f1o una educaci\u00f3n de alta calidad que los exponga a desaf\u00edos saludables y les brinde oportunidades para explorar sus pasiones e intereses. Creemos en la creaci\u00f3n de entornos donde todos los estudiantes puedan convertirse en l\u00edderes resilientes, reflexivos y creativos que forjar\u00e1n un futuro brillante e impactar\u00e1n positivamente el mundo que los rodea. Me entusiasma conectar con nuestros estudiantes y cultivar relaciones s\u00f3lidas con las familias de Broughal. Creo firmemente en y defiendo un enfoque de apoyo estudiantil basado en el trabajo en equipo. La participaci\u00f3n y las aportaciones de los padres son cruciales para construir un equipo s\u00f3lido y solidario, que empodere a nuestros estudiantes para que alcancen su m\u00e1ximo potencial. Una mayor participaci\u00f3n de los padres durante los a\u00f1os de escuela intermedia de sus hijos, y con la comunidad escolar, se correlaciona directamente con un mejor rendimiento estudiantil. Agradecemos sinceramente su participaci\u00f3n activa y esperamos conocerlos a cada uno de ustedes durante el a\u00f1o escolar 2025-2026. Gracias y bienvenidos a la Escuela Intermedia Broughal. \u00a1Vamos Rockets! Dra. Reese Directora\"><span class=\"Y2IQFc\" lang=\"es\">Gracias y bienvenidos a la Escuela Intermedia Broughal. \u00a1Vamos Rockets! <\/span><\/p>\n<p class=\"tw-data-text tw-text-large tw-ta\" dir=\"ltr\" data-placeholder=\"Translation\" data-ved=\"2ahUKEwj5zb3P3oqOAxWAEVkFHRsGEXoQ3ewLegQIChAV\" aria-label=\"Translated text: Estimada comunidad de Broughal: Es un honor y un privilegio ser directora de la Escuela Intermedia Broughal. Este a\u00f1o cumplo quince a\u00f1os en el \u00e1mbito educativo y mi octavo en Broughal. Anteriormente, fui profesora de Estudios Sociales de octavo grado y, m\u00e1s recientemente, decana de estudiantes. En Broughal, nuestra misi\u00f3n es brindar a cada ni\u00f1o una educaci\u00f3n de alta calidad que los exponga a desaf\u00edos saludables y les brinde oportunidades para explorar sus pasiones e intereses. Creemos en la creaci\u00f3n de entornos donde todos los estudiantes puedan convertirse en l\u00edderes resilientes, reflexivos y creativos que forjar\u00e1n un futuro brillante e impactar\u00e1n positivamente el mundo que los rodea. Me entusiasma conectar con nuestros estudiantes y cultivar relaciones s\u00f3lidas con las familias de Broughal. Creo firmemente en y defiendo un enfoque de apoyo estudiantil basado en el trabajo en equipo. La participaci\u00f3n y las aportaciones de los padres son cruciales para construir un equipo s\u00f3lido y solidario, que empodere a nuestros estudiantes para que alcancen su m\u00e1ximo potencial. Una mayor participaci\u00f3n de los padres durante los a\u00f1os de escuela intermedia de sus hijos, y con la comunidad escolar, se correlaciona directamente con un mejor rendimiento estudiantil. Agradecemos sinceramente su participaci\u00f3n activa y esperamos conocerlos a cada uno de ustedes durante el a\u00f1o escolar 2025-2026. Gracias y bienvenidos a la Escuela Intermedia Broughal. \u00a1Vamos Rockets! Dra. Reese Directora\"><span class=\"Y2IQFc\" lang=\"es\">Dra. Reese <\/span><\/p>\n<p class=\"tw-data-text tw-text-large tw-ta\" dir=\"ltr\" data-placeholder=\"Translation\" data-ved=\"2ahUKEwj5zb3P3oqOAxWAEVkFHRsGEXoQ3ewLegQIChAV\" aria-label=\"Translated text: Estimada comunidad de Broughal: Es un honor y un privilegio ser directora de la Escuela Intermedia Broughal. Este a\u00f1o cumplo quince a\u00f1os en el \u00e1mbito educativo y mi octavo en Broughal. Anteriormente, fui profesora de Estudios Sociales de octavo grado y, m\u00e1s recientemente, decana de estudiantes. En Broughal, nuestra misi\u00f3n es brindar a cada ni\u00f1o una educaci\u00f3n de alta calidad que los exponga a desaf\u00edos saludables y les brinde oportunidades para explorar sus pasiones e intereses. Creemos en la creaci\u00f3n de entornos donde todos los estudiantes puedan convertirse en l\u00edderes resilientes, reflexivos y creativos que forjar\u00e1n un futuro brillante e impactar\u00e1n positivamente el mundo que los rodea. Me entusiasma conectar con nuestros estudiantes y cultivar relaciones s\u00f3lidas con las familias de Broughal. Creo firmemente en y defiendo un enfoque de apoyo estudiantil basado en el trabajo en equipo. La participaci\u00f3n y las aportaciones de los padres son cruciales para construir un equipo s\u00f3lido y solidario, que empodere a nuestros estudiantes para que alcancen su m\u00e1ximo potencial. Una mayor participaci\u00f3n de los padres durante los a\u00f1os de escuela intermedia de sus hijos, y con la comunidad escolar, se correlaciona directamente con un mejor rendimiento estudiantil. Agradecemos sinceramente su participaci\u00f3n activa y esperamos conocerlos a cada uno de ustedes durante el a\u00f1o escolar 2025-2026. Gracias y bienvenidos a la Escuela Intermedia Broughal. \u00a1Vamos Rockets! Dra. Reese Directora\"><span class=\"Y2IQFc\" lang=\"es\">Directora<\/span><\/p>\n","protected":false},"excerpt":{"rendered":"<p>Dr. Brittany Reese, Principal 2025-2026 Dear Broughal Community, It is an honor and privilege to serve as the principal of Broughal Middle School. This year&#8230;<\/p>\n","protected":false},"author":108,"featured_media":0,"parent":0,"menu_order":0,"comment_status":"closed","ping_status":"closed","template":"","meta":{"footnotes":""},"class_list":["post-1851","page","type-page","status-publish","hentry"],"_links":{"self":[{"href":"https:\/\/basdwpweb.beth.k12.pa.us\/broughal\/wp-json\/wp\/v2\/pages\/1851","targetHints":{"allow":["GET"]}}],"collection":[{"href":"https:\/\/basdwpweb.beth.k12.pa.us\/broughal\/wp-json\/wp\/v2\/pages"}],"about":[{"href":"https:\/\/basdwpweb.beth.k12.pa.us\/broughal\/wp-json\/wp\/v2\/types\/page"}],"author":[{"embeddable":true,"href":"https:\/\/basdwpweb.beth.k12.pa.us\/broughal\/wp-json\/wp\/v2\/users\/108"}],"replies":[{"embeddable":true,"href":"https:\/\/basdwpweb.beth.k12.pa.us\/broughal\/wp-json\/wp\/v2\/comments?post=1851"}],"version-history":[{"count":17,"href":"https:\/\/basdwpweb.beth.k12.pa.us\/broughal\/wp-json\/wp\/v2\/pages\/1851\/revisions"}],"predecessor-version":[{"id":4071,"href":"https:\/\/basdwpweb.beth.k12.pa.us\/broughal\/wp-json\/wp\/v2\/pages\/1851\/revisions\/4071"}],"wp:attachment":[{"href":"https:\/\/basdwpweb.beth.k12.pa.us\/broughal\/wp-json\/wp\/v2\/media?parent=1851"}],"curies":[{"name":"wp","href":"https:\/\/api.w.org\/{rel}","templated":true}]}}