{"id":2544,"date":"2020-03-23T16:39:32","date_gmt":"2020-03-23T16:39:32","guid":{"rendered":"http:\/\/basdwpweb.beth.k12.pa.us\/els\/?page_id=2544"},"modified":"2020-04-06T23:10:00","modified_gmt":"2020-04-06T23:10:00","slug":"for-parents-how-to-access-clever-for-district-online-learning-spanish","status":"publish","type":"page","link":"https:\/\/basdwpweb.beth.k12.pa.us\/els\/for-parents-how-to-access-clever-for-district-online-learning-spanish\/","title":{"rendered":"Para Padres: Como navegar por las aplicaciones de instrucci\u00f3n en l\u00ednea disponibles a trav\u00e9s de Clever"},"content":{"rendered":"<div class=\"fcbkbttn_buttons_block\" id=\"fcbkbttn_left\"><div class=\"fcbkbttn_button\">\n\t\t\t\t\t<a href=\"https:\/\/www.facebook.com\/\" target=\"_blank\">\n\t\t\t\t\t\t<img decoding=\"async\" src=\"https:\/\/basdwpweb.beth.k12.pa.us\/els\/wp-content\/plugins\/facebook-button-plugin\/images\/standard-facebook-ico.png\" alt=\"Fb-Button\" \/>\n\t\t\t\t\t<\/a>\n\t\t\t\t<\/div><div class=\"fcbkbttn_like \"><fb:like href=\"https:\/\/basdwpweb.beth.k12.pa.us\/els\/for-parents-how-to-access-clever-for-district-online-learning-spanish\/\" action=\"like\" colorscheme=\"light\" layout=\"button_count\"  size=\"small\"><\/fb:like><\/div><\/div><p><span style=\"font-weight: 400\">Este documento es para ayudar a los padres a navegar por las aplicaciones de instrucci\u00f3n en l\u00ednea disponibles dentro del Distrito Escolar del \u00c1rea de Bethlehem a trav\u00e9s de Clever (para estudiantes de la escuela elemental).<\/span><\/p>\n<p><span style=\"font-weight: 400\">Siga las instrucciones para acceder a los recursos educativos dentro del Distrito Escolar del \u00c1rea de Bethlehem a trav\u00e9s de Clever para estudiantes de la escuela elemental.<\/span><\/p>\n<ol>\n<li style=\"font-weight: 400\"><span style=\"font-weight: 400\">Ir al sitio web del distrito: <\/span><a href=\"https:\/\/www.basdschools.org\/\"><span style=\"font-weight: 400\">https:\/\/www.basdschools.org\/<\/span><\/a><span style=\"font-weight: 400\">\u00a0\u00a0\u00a0<\/span><\/li>\n<\/ol>\n<p><b><a href=\"http:\/\/basdwpweb.beth.k12.pa.us\/els\/wp-content\/uploads\/sites\/8\/2020\/03\/BASD-Site.png\"><img loading=\"lazy\" decoding=\"async\" class=\"alignnone size-medium wp-image-2526\" src=\"http:\/\/basdwpweb.beth.k12.pa.us\/els\/wp-content\/uploads\/sites\/8\/2020\/03\/BASD-Site-300x187.png\" alt=\"\" width=\"300\" height=\"187\" srcset=\"https:\/\/basdwpweb.beth.k12.pa.us\/els\/wp-content\/uploads\/sites\/8\/2020\/03\/BASD-Site-300x187.png 300w, https:\/\/basdwpweb.beth.k12.pa.us\/els\/wp-content\/uploads\/sites\/8\/2020\/03\/BASD-Site-1024x639.png 1024w, https:\/\/basdwpweb.beth.k12.pa.us\/els\/wp-content\/uploads\/sites\/8\/2020\/03\/BASD-Site-768x479.png 768w, https:\/\/basdwpweb.beth.k12.pa.us\/els\/wp-content\/uploads\/sites\/8\/2020\/03\/BASD-Site-160x100.png 160w, https:\/\/basdwpweb.beth.k12.pa.us\/els\/wp-content\/uploads\/sites\/8\/2020\/03\/BASD-Site.png 1066w\" sizes=\"auto, (max-width: 300px) 100vw, 300px\" \/><\/a><\/b><\/p>\n<p><b>Tenga en cuenta que usted puede cambiar el idioma de la p\u00e1gina. Solo tiene que ir a la franja roja localizada en la parte de arriba de la p\u00e1gina del distrito y oprima donde dice Translate y cambie el idioma si es necesario.<\/b><\/p>\n<p><a href=\"http:\/\/basdwpweb.beth.k12.pa.us\/els\/wp-content\/uploads\/sites\/8\/2020\/03\/TranslateSelect-Lang-BASD-Site.png\"><img loading=\"lazy\" decoding=\"async\" class=\"alignnone size-medium wp-image-2539\" src=\"http:\/\/basdwpweb.beth.k12.pa.us\/els\/wp-content\/uploads\/sites\/8\/2020\/03\/TranslateSelect-Lang-BASD-Site-300x142.png\" alt=\"\" width=\"300\" height=\"142\" srcset=\"https:\/\/basdwpweb.beth.k12.pa.us\/els\/wp-content\/uploads\/sites\/8\/2020\/03\/TranslateSelect-Lang-BASD-Site-300x142.png 300w, https:\/\/basdwpweb.beth.k12.pa.us\/els\/wp-content\/uploads\/sites\/8\/2020\/03\/TranslateSelect-Lang-BASD-Site-768x363.png 768w, https:\/\/basdwpweb.beth.k12.pa.us\/els\/wp-content\/uploads\/sites\/8\/2020\/03\/TranslateSelect-Lang-BASD-Site.png 940w\" sizes=\"auto, (max-width: 300px) 100vw, 300px\" \/><\/a><\/p>\n<p><a href=\"http:\/\/basdwpweb.beth.k12.pa.us\/els\/wp-content\/uploads\/sites\/8\/2020\/03\/Select-Lang-BASD-Site.png\"><img loading=\"lazy\" decoding=\"async\" class=\"alignnone size-medium wp-image-2538\" src=\"http:\/\/basdwpweb.beth.k12.pa.us\/els\/wp-content\/uploads\/sites\/8\/2020\/03\/Select-Lang-BASD-Site-275x300.png\" alt=\"\" width=\"275\" height=\"300\" srcset=\"https:\/\/basdwpweb.beth.k12.pa.us\/els\/wp-content\/uploads\/sites\/8\/2020\/03\/Select-Lang-BASD-Site-275x300.png 275w, https:\/\/basdwpweb.beth.k12.pa.us\/els\/wp-content\/uploads\/sites\/8\/2020\/03\/Select-Lang-BASD-Site.png 630w\" sizes=\"auto, (max-width: 275px) 100vw, 275px\" \/><\/a><\/p>\n<p><span style=\"font-weight: 400\">2. Vaya a las palabras \u201cFor Students\u201d (Para estudiantes) en la pesta\u00f1a de navegaci\u00f3n.<\/span><\/p>\n<p><span style=\"font-weight: 400\"><a href=\"http:\/\/basdwpweb.beth.k12.pa.us\/els\/wp-content\/uploads\/sites\/8\/2020\/03\/For-students-link-on-BASD-site.png\"><img loading=\"lazy\" decoding=\"async\" class=\"alignnone size-medium wp-image-2533\" src=\"http:\/\/basdwpweb.beth.k12.pa.us\/els\/wp-content\/uploads\/sites\/8\/2020\/03\/For-students-link-on-BASD-site-300x114.png\" alt=\"\" width=\"300\" height=\"114\" srcset=\"https:\/\/basdwpweb.beth.k12.pa.us\/els\/wp-content\/uploads\/sites\/8\/2020\/03\/For-students-link-on-BASD-site-300x114.png 300w, https:\/\/basdwpweb.beth.k12.pa.us\/els\/wp-content\/uploads\/sites\/8\/2020\/03\/For-students-link-on-BASD-site-768x291.png 768w, https:\/\/basdwpweb.beth.k12.pa.us\/els\/wp-content\/uploads\/sites\/8\/2020\/03\/For-students-link-on-BASD-site.png 1011w\" sizes=\"auto, (max-width: 300px) 100vw, 300px\" \/><\/a><\/span><\/p>\n<p><span style=\"font-weight: 400\">3. Haga clic en la palabra &#8220;Clever&#8221;.<\/span><\/p>\n<p><a href=\"http:\/\/basdwpweb.beth.k12.pa.us\/els\/wp-content\/uploads\/sites\/8\/2020\/03\/Clever-link-on-BASD-site.png\"><img loading=\"lazy\" decoding=\"async\" class=\"alignnone size-medium wp-image-2529\" src=\"http:\/\/basdwpweb.beth.k12.pa.us\/els\/wp-content\/uploads\/sites\/8\/2020\/03\/Clever-link-on-BASD-site-300x110.png\" alt=\"\" width=\"300\" height=\"110\" srcset=\"https:\/\/basdwpweb.beth.k12.pa.us\/els\/wp-content\/uploads\/sites\/8\/2020\/03\/Clever-link-on-BASD-site-300x110.png 300w, https:\/\/basdwpweb.beth.k12.pa.us\/els\/wp-content\/uploads\/sites\/8\/2020\/03\/Clever-link-on-BASD-site.png 638w\" sizes=\"auto, (max-width: 300px) 100vw, 300px\" \/><\/a><\/p>\n<p><b>C\u00f3mo iniciar la sesi\u00f3n en Clever con una <\/b><b>Insignia inteligente \/ C\u00f3digo QR<\/b><\/p>\n<p><span style=\"font-weight: 400\">4. Si su hijo(a) tiene una insignia Clever con un c\u00f3digo QR, haga clic en el icono azul y blanco con la palabra &#8220;Clever&#8221;.<\/span><\/p>\n<p><a href=\"http:\/\/basdwpweb.beth.k12.pa.us\/els\/wp-content\/uploads\/sites\/8\/2020\/03\/Clever-Badge_QR-Code-Login.png\"><img loading=\"lazy\" decoding=\"async\" class=\"alignnone size-medium wp-image-2528\" src=\"http:\/\/basdwpweb.beth.k12.pa.us\/els\/wp-content\/uploads\/sites\/8\/2020\/03\/Clever-Badge_QR-Code-Login-300x194.png\" alt=\"\" width=\"300\" height=\"194\" srcset=\"https:\/\/basdwpweb.beth.k12.pa.us\/els\/wp-content\/uploads\/sites\/8\/2020\/03\/Clever-Badge_QR-Code-Login-300x194.png 300w, https:\/\/basdwpweb.beth.k12.pa.us\/els\/wp-content\/uploads\/sites\/8\/2020\/03\/Clever-Badge_QR-Code-Login.png 725w\" sizes=\"auto, (max-width: 300px) 100vw, 300px\" \/><\/a><\/p>\n<p><span style=\"font-weight: 400\">5. Aparecer\u00e1 una ventana emergente en su pantalla que indica que Clever quiere usar su c\u00e1mara. Haga clic en \u201c<\/span><span style=\"font-weight: 400\">Allow<\/span><span style=\"font-weight: 400\">\u201d (Permitir).<\/span><\/p>\n<p><a href=\"http:\/\/basdwpweb.beth.k12.pa.us\/els\/wp-content\/uploads\/sites\/8\/2020\/03\/Allow-microphone.png\"><img loading=\"lazy\" decoding=\"async\" class=\"alignnone size-medium wp-image-2525\" src=\"http:\/\/basdwpweb.beth.k12.pa.us\/els\/wp-content\/uploads\/sites\/8\/2020\/03\/Allow-microphone-300x251.png\" alt=\"\" width=\"300\" height=\"251\" srcset=\"https:\/\/basdwpweb.beth.k12.pa.us\/els\/wp-content\/uploads\/sites\/8\/2020\/03\/Allow-microphone-300x251.png 300w, https:\/\/basdwpweb.beth.k12.pa.us\/els\/wp-content\/uploads\/sites\/8\/2020\/03\/Allow-microphone-768x643.png 768w, https:\/\/basdwpweb.beth.k12.pa.us\/els\/wp-content\/uploads\/sites\/8\/2020\/03\/Allow-microphone.png 837w\" sizes=\"auto, (max-width: 300px) 100vw, 300px\" \/><\/a><\/p>\n<p><span style=\"font-weight: 400\">Es probable que su hijo(a) pueda seguir el resto de los pasos por su cuenta, pero solo para que lo sepa, este es el siguiente paso &#8230;<\/span><\/p>\n<p><span style=\"font-weight: 400\">6.\u00a0 Ahora puedes verte en la pantalla. Sostenga el c\u00f3digo QR hasta que aparezca una marca de cotejo verde <\/span><span style=\"font-weight: 400\">\u221a<\/span><span style=\"font-weight: 400\">. Una vez que veas la <\/span><span style=\"font-weight: 400\">\u221a<\/span><span style=\"font-weight: 400\">, ser\u00e1s llevado directamente a Clever.<\/span><\/p>\n<p><span style=\"font-weight: 400\"><a href=\"http:\/\/basdwpweb.beth.k12.pa.us\/els\/wp-content\/uploads\/sites\/8\/2020\/03\/QR-Code-Green-Check.png\"><img loading=\"lazy\" decoding=\"async\" class=\"alignnone size-medium wp-image-2536\" src=\"http:\/\/basdwpweb.beth.k12.pa.us\/els\/wp-content\/uploads\/sites\/8\/2020\/03\/QR-Code-Green-Check-276x300.png\" alt=\"\" width=\"276\" height=\"300\" srcset=\"https:\/\/basdwpweb.beth.k12.pa.us\/els\/wp-content\/uploads\/sites\/8\/2020\/03\/QR-Code-Green-Check-276x300.png 276w, https:\/\/basdwpweb.beth.k12.pa.us\/els\/wp-content\/uploads\/sites\/8\/2020\/03\/QR-Code-Green-Check.png 550w\" sizes=\"auto, (max-width: 276px) 100vw, 276px\" \/><\/a><\/span><\/p>\n<p><b>*** NOTA: La p\u00e1gina de cada estudiante tendr\u00e1 un aspecto similar a este, pero tendr\u00e1 diferentes aplicaciones seg\u00fan su nivel de grado y sal\u00f3n de clase.<\/b><\/p>\n<p><a href=\"http:\/\/basdwpweb.beth.k12.pa.us\/els\/wp-content\/uploads\/sites\/8\/2020\/03\/Clever-Page.png\"><img loading=\"lazy\" decoding=\"async\" class=\"alignnone size-medium wp-image-2531\" src=\"http:\/\/basdwpweb.beth.k12.pa.us\/els\/wp-content\/uploads\/sites\/8\/2020\/03\/Clever-Page-300x143.png\" alt=\"\" width=\"300\" height=\"143\" srcset=\"https:\/\/basdwpweb.beth.k12.pa.us\/els\/wp-content\/uploads\/sites\/8\/2020\/03\/Clever-Page-300x143.png 300w, https:\/\/basdwpweb.beth.k12.pa.us\/els\/wp-content\/uploads\/sites\/8\/2020\/03\/Clever-Page.png 430w\" sizes=\"auto, (max-width: 300px) 100vw, 300px\" \/><\/a><\/p>\n<p><b>C\u00f3mo iniciar la sesi\u00f3n en Clever con un nombre de usuario y contrase\u00f1a BASD<\/b><span style=\"font-weight: 400\">\u00a0<\/span><\/p>\n<ol>\n<li style=\"font-weight: 400\"><span style=\"font-weight: 400\">Siga los pasos 1 a 3 de arriba. Si su estudiante usa un nombre de usuario y la contrase\u00f1a de BASD, o si el c\u00f3digo QR de su estudiante no funciona, haga clic en el bot\u00f3n &#8220;Log in with Active Directory\u201d (Iniciar sesi\u00f3n con Active Directory).\u00a0<\/span><\/li>\n<\/ol>\n<p><a href=\"http:\/\/basdwpweb.beth.k12.pa.us\/els\/wp-content\/uploads\/sites\/8\/2020\/03\/Login-with-Active-Directory.png\"><img loading=\"lazy\" decoding=\"async\" class=\"alignnone size-medium wp-image-2534\" src=\"http:\/\/basdwpweb.beth.k12.pa.us\/els\/wp-content\/uploads\/sites\/8\/2020\/03\/Login-with-Active-Directory-300x205.png\" alt=\"\" width=\"300\" height=\"205\" srcset=\"https:\/\/basdwpweb.beth.k12.pa.us\/els\/wp-content\/uploads\/sites\/8\/2020\/03\/Login-with-Active-Directory-300x205.png 300w, https:\/\/basdwpweb.beth.k12.pa.us\/els\/wp-content\/uploads\/sites\/8\/2020\/03\/Login-with-Active-Directory.png 360w\" sizes=\"auto, (max-width: 300px) 100vw, 300px\" \/><\/a><\/p>\n<p><span style=\"font-weight: 400\">2. Se le pedir\u00e1 que ingrese un nombre de usuario y la contrase\u00f1a. El nombre de usuario es el correo electr\u00f3nico de la escuela del estudiante sin &#8220;@basdschools.org&#8221;. Ingrese ambos y haga clic en \u201cSign In\u201d (Iniciar sesi\u00f3n) y ser\u00e1 llevado a la p\u00e1gina Clever de su estudiante.\u00a0<\/span><\/p>\n<p><a href=\"http:\/\/basdwpweb.beth.k12.pa.us\/els\/wp-content\/uploads\/sites\/8\/2020\/03\/UsernamePassword-Login.png\"><img loading=\"lazy\" decoding=\"async\" class=\"alignnone size-medium wp-image-2540\" src=\"http:\/\/basdwpweb.beth.k12.pa.us\/els\/wp-content\/uploads\/sites\/8\/2020\/03\/UsernamePassword-Login-300x165.png\" alt=\"\" width=\"300\" height=\"165\" srcset=\"https:\/\/basdwpweb.beth.k12.pa.us\/els\/wp-content\/uploads\/sites\/8\/2020\/03\/UsernamePassword-Login-300x165.png 300w, https:\/\/basdwpweb.beth.k12.pa.us\/els\/wp-content\/uploads\/sites\/8\/2020\/03\/UsernamePassword-Login.png 381w\" sizes=\"auto, (max-width: 300px) 100vw, 300px\" \/><\/a><\/p>\n<p><b>*** NOTA: La p\u00e1gina de cada estudiante tendr\u00e1 un aspecto similar a este, pero tendr\u00e1 diferentes aplicaciones seg\u00fan su nivel de grado y sal\u00f3n de clase.<\/b><\/p>\n<p><a href=\"http:\/\/basdwpweb.beth.k12.pa.us\/els\/wp-content\/uploads\/sites\/8\/2020\/03\/Clever-Page.png\"><img loading=\"lazy\" decoding=\"async\" class=\"alignnone size-medium wp-image-2531\" src=\"http:\/\/basdwpweb.beth.k12.pa.us\/els\/wp-content\/uploads\/sites\/8\/2020\/03\/Clever-Page-300x143.png\" alt=\"\" width=\"300\" height=\"143\" srcset=\"https:\/\/basdwpweb.beth.k12.pa.us\/els\/wp-content\/uploads\/sites\/8\/2020\/03\/Clever-Page-300x143.png 300w, https:\/\/basdwpweb.beth.k12.pa.us\/els\/wp-content\/uploads\/sites\/8\/2020\/03\/Clever-Page.png 430w\" sizes=\"auto, (max-width: 300px) 100vw, 300px\" \/><\/a><\/p>\n","protected":false},"excerpt":{"rendered":"<p>Este documento es para ayudar a los padres a navegar por las aplicaciones de instrucci\u00f3n en l\u00ednea disponibles dentro del Distrito Escolar del \u00c1rea de&#8230;<\/p>\n","protected":false},"author":37,"featured_media":0,"parent":0,"menu_order":0,"comment_status":"closed","ping_status":"closed","template":"","meta":{"footnotes":""},"class_list":["post-2544","page","type-page","status-publish","hentry"],"_links":{"self":[{"href":"https:\/\/basdwpweb.beth.k12.pa.us\/els\/wp-json\/wp\/v2\/pages\/2544","targetHints":{"allow":["GET"]}}],"collection":[{"href":"https:\/\/basdwpweb.beth.k12.pa.us\/els\/wp-json\/wp\/v2\/pages"}],"about":[{"href":"https:\/\/basdwpweb.beth.k12.pa.us\/els\/wp-json\/wp\/v2\/types\/page"}],"author":[{"embeddable":true,"href":"https:\/\/basdwpweb.beth.k12.pa.us\/els\/wp-json\/wp\/v2\/users\/37"}],"replies":[{"embeddable":true,"href":"https:\/\/basdwpweb.beth.k12.pa.us\/els\/wp-json\/wp\/v2\/comments?post=2544"}],"version-history":[{"count":4,"href":"https:\/\/basdwpweb.beth.k12.pa.us\/els\/wp-json\/wp\/v2\/pages\/2544\/revisions"}],"predecessor-version":[{"id":2571,"href":"https:\/\/basdwpweb.beth.k12.pa.us\/els\/wp-json\/wp\/v2\/pages\/2544\/revisions\/2571"}],"wp:attachment":[{"href":"https:\/\/basdwpweb.beth.k12.pa.us\/els\/wp-json\/wp\/v2\/media?parent=2544"}],"curies":[{"name":"wp","href":"https:\/\/api.w.org\/{rel}","templated":true}]}}