{"id":2549,"date":"2020-04-06T22:57:19","date_gmt":"2020-04-06T22:57:19","guid":{"rendered":"http:\/\/basdwpweb.beth.k12.pa.us\/els\/?page_id=2549"},"modified":"2020-04-06T23:16:49","modified_gmt":"2020-04-06T23:16:49","slug":"for-parents-how-to-access-clever-for-district-online-learning-portuguese","status":"publish","type":"page","link":"https:\/\/basdwpweb.beth.k12.pa.us\/els\/for-parents-how-to-access-clever-for-district-online-learning-portuguese\/","title":{"rendered":"Para Os Pais: Para navegar pelos aplicativos instrucionais via Internet dispon\u00edveis atrav\u00e9s do Clever"},"content":{"rendered":"<div class=\"fcbkbttn_buttons_block\" id=\"fcbkbttn_left\"><div class=\"fcbkbttn_button\">\n\t\t\t\t\t<a href=\"https:\/\/www.facebook.com\/\" target=\"_blank\">\n\t\t\t\t\t\t<img decoding=\"async\" src=\"https:\/\/basdwpweb.beth.k12.pa.us\/els\/wp-content\/plugins\/facebook-button-plugin\/images\/standard-facebook-ico.png\" alt=\"Fb-Button\" \/>\n\t\t\t\t\t<\/a>\n\t\t\t\t<\/div><div class=\"fcbkbttn_like \"><fb:like href=\"https:\/\/basdwpweb.beth.k12.pa.us\/els\/for-parents-how-to-access-clever-for-district-online-learning-portuguese\/\" action=\"like\" colorscheme=\"light\" layout=\"button_count\"  size=\"small\"><\/fb:like><\/div><\/div><p><span style=\"font-weight: 400\">Este documento \u00e9 para ajudar os pais a navegar pelos aplicativos instrucionais via Internet dispon\u00edveis no Distrito Escolar da \u00c1rea de Bethlehem atrav\u00e9s do Clever (para estudantes de escola prim\u00e1ria)<\/span><\/p>\n<ol>\n<li style=\"font-weight: 400\"><span style=\"font-weight: 400\">Acesse o site do distrito: <\/span><a href=\"https:\/\/www.basdschools.org\/\"><span style=\"font-weight: 400\">https:\/\/www.basdschools.org\/<\/span><\/a><span style=\"font-weight: 400\"> <a href=\"http:\/\/basdwpweb.beth.k12.pa.us\/els\/wp-content\/uploads\/sites\/8\/2020\/03\/BASD-Site.png\"><img loading=\"lazy\" decoding=\"async\" class=\"alignnone size-medium wp-image-2526\" src=\"http:\/\/basdwpweb.beth.k12.pa.us\/els\/wp-content\/uploads\/sites\/8\/2020\/03\/BASD-Site-300x187.png\" alt=\"\" width=\"300\" height=\"187\" srcset=\"https:\/\/basdwpweb.beth.k12.pa.us\/els\/wp-content\/uploads\/sites\/8\/2020\/03\/BASD-Site-300x187.png 300w, https:\/\/basdwpweb.beth.k12.pa.us\/els\/wp-content\/uploads\/sites\/8\/2020\/03\/BASD-Site-1024x639.png 1024w, https:\/\/basdwpweb.beth.k12.pa.us\/els\/wp-content\/uploads\/sites\/8\/2020\/03\/BASD-Site-768x479.png 768w, https:\/\/basdwpweb.beth.k12.pa.us\/els\/wp-content\/uploads\/sites\/8\/2020\/03\/BASD-Site-160x100.png 160w, https:\/\/basdwpweb.beth.k12.pa.us\/els\/wp-content\/uploads\/sites\/8\/2020\/03\/BASD-Site.png 1066w\" sizes=\"auto, (max-width: 300px) 100vw, 300px\" \/><\/a><\/span><\/li>\n<li style=\"font-weight: 400\"><span style=\"font-weight: 400\">Passe o mouse sobre a Palavra \u201cPortug\u00eas<\/span><\/li>\n<\/ol>\n<p><a href=\"http:\/\/basdwpweb.beth.k12.pa.us\/els\/wp-content\/uploads\/sites\/8\/2020\/03\/Choose-Portuguese.png\"><img loading=\"lazy\" decoding=\"async\" class=\"alignnone size-medium wp-image-2527\" src=\"http:\/\/basdwpweb.beth.k12.pa.us\/els\/wp-content\/uploads\/sites\/8\/2020\/03\/Choose-Portuguese-300x151.png\" alt=\"\" width=\"300\" height=\"151\" srcset=\"https:\/\/basdwpweb.beth.k12.pa.us\/els\/wp-content\/uploads\/sites\/8\/2020\/03\/Choose-Portuguese-300x151.png 300w, https:\/\/basdwpweb.beth.k12.pa.us\/els\/wp-content\/uploads\/sites\/8\/2020\/03\/Choose-Portuguese.png 319w\" sizes=\"auto, (max-width: 300px) 100vw, 300px\" \/><\/a><\/p>\n<p>3. Passe o mouse sobre a Palavras \u201cPara estudantes\u201d no barra de navega\u00e7\u00e3o.<\/p>\n<p><a href=\"http:\/\/basdwpweb.beth.k12.pa.us\/els\/wp-content\/uploads\/sites\/8\/2020\/03\/Para-estudantes.png\"><img loading=\"lazy\" decoding=\"async\" class=\"alignnone size-full wp-image-2535\" src=\"http:\/\/basdwpweb.beth.k12.pa.us\/els\/wp-content\/uploads\/sites\/8\/2020\/03\/Para-estudantes.png\" alt=\"\" width=\"293\" height=\"161\" \/><\/a><\/p>\n<p><span style=\"font-weight: 400\">4. Clique na palavra \u201cEsperto\u201d<\/span><\/p>\n<p><a href=\"http:\/\/basdwpweb.beth.k12.pa.us\/els\/wp-content\/uploads\/sites\/8\/2020\/03\/EspertoClever.png\"><img loading=\"lazy\" decoding=\"async\" class=\"alignnone size-medium wp-image-2532\" src=\"http:\/\/basdwpweb.beth.k12.pa.us\/els\/wp-content\/uploads\/sites\/8\/2020\/03\/EspertoClever-300x122.png\" alt=\"\" width=\"300\" height=\"122\" srcset=\"https:\/\/basdwpweb.beth.k12.pa.us\/els\/wp-content\/uploads\/sites\/8\/2020\/03\/EspertoClever-300x122.png 300w, https:\/\/basdwpweb.beth.k12.pa.us\/els\/wp-content\/uploads\/sites\/8\/2020\/03\/EspertoClever.png 345w\" sizes=\"auto, (max-width: 300px) 100vw, 300px\" \/><\/a><\/p>\n<p>&nbsp;<\/p>\n<p><b>Como fazer login no Clever com um<\/b><\/p>\n<p><b>\u00a0Crach\u00e1 de Clever \/ C\u00f3digo QR.\u00a0 \u00a0 \u00a0\u00a0<\/b><\/p>\n<p>&nbsp;<\/p>\n<p><span style=\"font-weight: 400\">5. Se seu filho tiver um crach\u00e1 de Clever com um c\u00f3digo QR, clique no \u00edcone azul e branco com a palavra \u201c<\/span><span style=\"font-weight: 400\">Clever<\/span><span style=\"font-weight: 400\">\u201d<\/span><\/p>\n<p><a href=\"http:\/\/basdwpweb.beth.k12.pa.us\/els\/wp-content\/uploads\/sites\/8\/2020\/03\/Clever-Badge_QR-Code-Login.png\"><img loading=\"lazy\" decoding=\"async\" class=\"alignnone size-medium wp-image-2528\" src=\"http:\/\/basdwpweb.beth.k12.pa.us\/els\/wp-content\/uploads\/sites\/8\/2020\/03\/Clever-Badge_QR-Code-Login-300x194.png\" alt=\"\" width=\"300\" height=\"194\" srcset=\"https:\/\/basdwpweb.beth.k12.pa.us\/els\/wp-content\/uploads\/sites\/8\/2020\/03\/Clever-Badge_QR-Code-Login-300x194.png 300w, https:\/\/basdwpweb.beth.k12.pa.us\/els\/wp-content\/uploads\/sites\/8\/2020\/03\/Clever-Badge_QR-Code-Login.png 725w\" sizes=\"auto, (max-width: 300px) 100vw, 300px\" \/><\/a><\/p>\n<p><span style=\"font-weight: 400\">6. Um pop-up aparecer\u00e1 na tela indicando que o Clever deseja usar sua c\u00e1mera. Clique em \u201c<\/span><span style=\"font-weight: 400\">Permitir\/Allow<\/span><span style=\"font-weight: 400\">\u201d<\/span><\/p>\n<p><a href=\"http:\/\/basdwpweb.beth.k12.pa.us\/els\/wp-content\/uploads\/sites\/8\/2020\/03\/Allow-microphone.png\"><img loading=\"lazy\" decoding=\"async\" class=\"alignnone size-medium wp-image-2525\" src=\"http:\/\/basdwpweb.beth.k12.pa.us\/els\/wp-content\/uploads\/sites\/8\/2020\/03\/Allow-microphone-300x251.png\" alt=\"\" width=\"300\" height=\"251\" srcset=\"https:\/\/basdwpweb.beth.k12.pa.us\/els\/wp-content\/uploads\/sites\/8\/2020\/03\/Allow-microphone-300x251.png 300w, https:\/\/basdwpweb.beth.k12.pa.us\/els\/wp-content\/uploads\/sites\/8\/2020\/03\/Allow-microphone-768x643.png 768w, https:\/\/basdwpweb.beth.k12.pa.us\/els\/wp-content\/uploads\/sites\/8\/2020\/03\/Allow-microphone.png 837w\" sizes=\"auto, (max-width: 300px) 100vw, 300px\" \/><\/a><\/p>\n<p><span style=\"font-weight: 400\">Seu filho provavelmente ser\u00e1 capaz de seguir os demais passos sozinho, mas apenas para voc\u00ea saber, aqui est\u00e1 o pr\u00f3ximo passo\u2026.<\/span><\/p>\n<p><span style=\"font-weight: 400\">7. Agora voc\u00e9 pode se ver na tela. Mantenha pressionado o c\u00f3digo QR at\u00e9 que uma verifica\u00e7\u00e3o verde \u2714 apare\u00e7a.\u00a0 Depois de ver o \u2714, voc\u00ea ser\u00e1 levado diretamente para Clever.\u00a0<\/span><\/p>\n<p><a href=\"http:\/\/basdwpweb.beth.k12.pa.us\/els\/wp-content\/uploads\/sites\/8\/2020\/03\/QR-Code-Green-Check.png\"><img loading=\"lazy\" decoding=\"async\" class=\"alignnone size-medium wp-image-2536\" src=\"http:\/\/basdwpweb.beth.k12.pa.us\/els\/wp-content\/uploads\/sites\/8\/2020\/03\/QR-Code-Green-Check-276x300.png\" alt=\"\" width=\"276\" height=\"300\" srcset=\"https:\/\/basdwpweb.beth.k12.pa.us\/els\/wp-content\/uploads\/sites\/8\/2020\/03\/QR-Code-Green-Check-276x300.png 276w, https:\/\/basdwpweb.beth.k12.pa.us\/els\/wp-content\/uploads\/sites\/8\/2020\/03\/QR-Code-Green-Check.png 550w\" sizes=\"auto, (max-width: 276px) 100vw, 276px\" \/><\/a><\/p>\n<p>&nbsp;<\/p>\n<p><span style=\"font-weight: 400\">Como efetuar login no Clever com um <\/span><b>nome de usu\u00e1rio e senha do BASD<\/b><\/p>\n<p><span style=\"font-weight: 400\">5. Siga as etapas 1 &#8211; 4.\u00a0 Se o estudante usar um nome de usu\u00e1rio e senha da BASD ou se o c\u00f3digo QR do aluno n\u00e3o estiver funcionando, clique no bot\u00e3o \u201c<\/span><b>Login with Active Directory\/ Efetuar login no Active Directory\u201d.\u00a0<\/b><\/p>\n<p><a href=\"http:\/\/basdwpweb.beth.k12.pa.us\/els\/wp-content\/uploads\/sites\/8\/2020\/03\/Login-with-Active-Directory.png\"><img loading=\"lazy\" decoding=\"async\" class=\"alignnone size-medium wp-image-2534\" src=\"http:\/\/basdwpweb.beth.k12.pa.us\/els\/wp-content\/uploads\/sites\/8\/2020\/03\/Login-with-Active-Directory-300x205.png\" alt=\"\" width=\"300\" height=\"205\" srcset=\"https:\/\/basdwpweb.beth.k12.pa.us\/els\/wp-content\/uploads\/sites\/8\/2020\/03\/Login-with-Active-Directory-300x205.png 300w, https:\/\/basdwpweb.beth.k12.pa.us\/els\/wp-content\/uploads\/sites\/8\/2020\/03\/Login-with-Active-Directory.png 360w\" sizes=\"auto, (max-width: 300px) 100vw, 300px\" \/><\/a><\/p>\n<p><span style=\"font-weight: 400\">6. Voc\u00ea ser\u00e1 solicitado a inserir um nome de usu\u00e1rio \u00e9 o email da escola do aluno <\/span><b>sem<\/b><span style=\"font-weight: 400\"> o \u201c@basdschools.org\u201d.\u00a0 Digite os dois e clique em \u201c<\/span><span style=\"font-weight: 400\">Sign In \/ Fazer Login<\/span><span style=\"font-weight: 400\">\u201d e voc\u00ea ser\u00e1 direcionado para a p\u00e1gina Clever do seu estudante.\u00a0<\/span><\/p>\n<p><a href=\"http:\/\/basdwpweb.beth.k12.pa.us\/els\/wp-content\/uploads\/sites\/8\/2020\/03\/UsernamePassword-Login.png\"><img loading=\"lazy\" decoding=\"async\" class=\"alignnone size-medium wp-image-2540\" src=\"http:\/\/basdwpweb.beth.k12.pa.us\/els\/wp-content\/uploads\/sites\/8\/2020\/03\/UsernamePassword-Login-300x165.png\" alt=\"\" width=\"300\" height=\"165\" srcset=\"https:\/\/basdwpweb.beth.k12.pa.us\/els\/wp-content\/uploads\/sites\/8\/2020\/03\/UsernamePassword-Login-300x165.png 300w, https:\/\/basdwpweb.beth.k12.pa.us\/els\/wp-content\/uploads\/sites\/8\/2020\/03\/UsernamePassword-Login.png 381w\" sizes=\"auto, (max-width: 300px) 100vw, 300px\" \/><\/a><\/p>\n<p><b>***NOTA: a p\u00e1gina de cada estudante ser\u00e1 similar a essa, mas ter\u00e1 aplicativos diferentes com base no n\u00edvel de ensino e na sala aula.\u00a0<\/b><\/p>\n<p><a href=\"http:\/\/basdwpweb.beth.k12.pa.us\/els\/wp-content\/uploads\/sites\/8\/2020\/03\/Clever-Page.png\"><img loading=\"lazy\" decoding=\"async\" class=\"alignnone size-medium wp-image-2531\" src=\"http:\/\/basdwpweb.beth.k12.pa.us\/els\/wp-content\/uploads\/sites\/8\/2020\/03\/Clever-Page-300x143.png\" alt=\"\" width=\"300\" height=\"143\" srcset=\"https:\/\/basdwpweb.beth.k12.pa.us\/els\/wp-content\/uploads\/sites\/8\/2020\/03\/Clever-Page-300x143.png 300w, https:\/\/basdwpweb.beth.k12.pa.us\/els\/wp-content\/uploads\/sites\/8\/2020\/03\/Clever-Page.png 430w\" sizes=\"auto, (max-width: 300px) 100vw, 300px\" \/><\/a><\/p>\n","protected":false},"excerpt":{"rendered":"<p>Este documento \u00e9 para ajudar os pais a navegar pelos aplicativos instrucionais via Internet dispon\u00edveis no Distrito Escolar da \u00c1rea de Bethlehem atrav\u00e9s do Clever&#8230;<\/p>\n","protected":false},"author":37,"featured_media":0,"parent":0,"menu_order":0,"comment_status":"closed","ping_status":"closed","template":"","meta":{"footnotes":""},"class_list":["post-2549","page","type-page","status-publish","hentry"],"_links":{"self":[{"href":"https:\/\/basdwpweb.beth.k12.pa.us\/els\/wp-json\/wp\/v2\/pages\/2549","targetHints":{"allow":["GET"]}}],"collection":[{"href":"https:\/\/basdwpweb.beth.k12.pa.us\/els\/wp-json\/wp\/v2\/pages"}],"about":[{"href":"https:\/\/basdwpweb.beth.k12.pa.us\/els\/wp-json\/wp\/v2\/types\/page"}],"author":[{"embeddable":true,"href":"https:\/\/basdwpweb.beth.k12.pa.us\/els\/wp-json\/wp\/v2\/users\/37"}],"replies":[{"embeddable":true,"href":"https:\/\/basdwpweb.beth.k12.pa.us\/els\/wp-json\/wp\/v2\/comments?post=2549"}],"version-history":[{"count":4,"href":"https:\/\/basdwpweb.beth.k12.pa.us\/els\/wp-json\/wp\/v2\/pages\/2549\/revisions"}],"predecessor-version":[{"id":2574,"href":"https:\/\/basdwpweb.beth.k12.pa.us\/els\/wp-json\/wp\/v2\/pages\/2549\/revisions\/2574"}],"wp:attachment":[{"href":"https:\/\/basdwpweb.beth.k12.pa.us\/els\/wp-json\/wp\/v2\/media?parent=2549"}],"curies":[{"name":"wp","href":"https:\/\/api.w.org\/{rel}","templated":true}]}}