{"id":125,"date":"2016-01-15T16:18:17","date_gmt":"2016-01-15T16:18:17","guid":{"rendered":"http:\/\/basdwpweb.beth.k12.pa.us\/jamesbuchanan\/?page_id=125"},"modified":"2026-02-18T13:53:08","modified_gmt":"2026-02-18T18:53:08","slug":"principal","status":"publish","type":"page","link":"https:\/\/basdwpweb.beth.k12.pa.us\/jamesbuchanan\/principal\/","title":{"rendered":"Amanda Hinkel, Principal"},"content":{"rendered":"<div class=\"fcbkbttn_buttons_block\" id=\"fcbkbttn_left\"><\/div><p><span style=\"font-weight: 400\">Hello Buchanan Community!\u00a0<\/span><\/p>\n<p><span style=\"font-weight: 400\">I am Amanda Hinkel, and I wanted to quickly introduce myself and express my excitement <\/span><span style=\"font-weight: 400\">to <\/span><span style=\"font-weight: 400\">be <\/span><span style=\"font-weight: 400\">a part of the James Buchanan <\/span><span style=\"font-weight: 400\">family<\/span><span style=\"font-weight: 400\">. While <\/span><span style=\"font-weight: 400\">I <\/span><span style=\"font-weight: 400\">am <\/span><span style=\"font-weight: 400\">new <\/span><span style=\"font-weight: 400\">to the elementary principal position, I have spent a great deal of time supporting students, teachers<\/span><span style=\"font-weight: 400\">, <\/span><span style=\"font-weight: 400\">and <\/span><span style=\"font-weight: 400\">families as an <\/span><span style=\"font-weight: 400\">Assistant <\/span><span style=\"font-weight: 400\">Principal <\/span><span style=\"font-weight: 400\">at <\/span><span style=\"font-weight: 400\">Liberty High <\/span><span style=\"font-weight: 400\">School<\/span><span style=\"font-weight: 400\">. <\/span><span style=\"font-weight: 400\">Previously, I taught English for 10 years at Liberty High School<\/span><span style=\"font-weight: 400\">. <\/span><span style=\"font-weight: 400\">I proudly grew up playing softball and riding my bike in the James Buchanan neighborhood<\/span><span style=\"font-weight: 400\">; <\/span><span style=\"font-weight: 400\">being able to serve the community that raised me is incredibly special!\u00a0<\/span><\/p>\n<p><span style=\"font-weight: 400\">My greatest achievement comes not professionally<\/span><span style=\"font-weight: 400\">, <\/span><span style=\"font-weight: 400\">but personally, as <\/span><span style=\"font-weight: 400\">I <\/span><span style=\"font-weight: 400\">am a proud mother of two boys, Teagan <\/span><span style=\"font-weight: 400\">and <\/span><span style=\"font-weight: 400\">Logan. <\/span><span style=\"font-weight: 400\">Please <\/span><span style=\"font-weight: 400\">know <\/span><span style=\"font-weight: 400\">that <\/span><span style=\"font-weight: 400\">I <\/span><span style=\"font-weight: 400\">will <\/span><span style=\"font-weight: 400\">treat <\/span><span style=\"font-weight: 400\">Buchanan&#8217;<\/span><span style=\"font-weight: 400\">s <\/span><span style=\"font-weight: 400\">students as if they were my <\/span><span style=\"font-weight: 400\">own<\/span><span style=\"font-weight: 400\">. I will work <\/span><span style=\"font-weight: 400\">tirelessly <\/span><span style=\"font-weight: 400\">to ensure <\/span><span style=\"font-weight: 400\">your <\/span><span style=\"font-weight: 400\">child(ren) have the best possible <\/span><span style=\"font-weight: 400\">experiences <\/span><span style=\"font-weight: 400\">at James <\/span><span style=\"font-weight: 400\">Buchanan<\/span><span style=\"font-weight: 400\">.\u00a0<\/span><\/p>\n<p><span style=\"font-weight: 400\">I am grateful to have the opportunity to be your principal and honored to work with the highly qualified and dedicated staff<\/span><span style=\"font-weight: 400\">, <\/span><span style=\"font-weight: 400\">amazing students<\/span><span style=\"font-weight: 400\">, <\/span><span style=\"font-weight: 400\">and all of the supporting parents. The elementary years are critical times of development for students and families as it lays the foundation for lifelong skills<\/span><span style=\"font-weight: 400\">. <\/span><span style=\"font-weight: 400\">I believe in educating the whole child and ensuring your <\/span><span style=\"font-weight: 400\">child <\/span><span style=\"font-weight: 400\">is <\/span><span style=\"font-weight: 400\">safe, healthy, engaged, and supported<\/span><span style=\"font-weight: 400\">.\u00a0<\/span><\/p>\n<p><span style=\"font-weight: 400\">I look forward to meeting you and your child<\/span><span style=\"font-weight: 400\">(<\/span><span style=\"font-weight: 400\">ren) as well as supporting the amazing work that has been occurring at James Buchanan for many years!\u00a0<\/span><\/p>\n<p><span style=\"font-weight: 400\">Amanda Hinkel\u00a0<\/span><\/p>\n<p>&nbsp;<\/p>\n<p><span style=\"font-weight: 400\">\u00a1Hola comunidad de Buchanan!<\/span><\/p>\n<p><span style=\"font-weight: 400\">Soy Amanda Hinkel y quer\u00eda presentarme brevemente y expresar mi entusiasmo por formar parte de la familia de James Buchanan. Si bien soy nueva en el puesto de directora de primaria, he dedicado mucho tiempo a apoyar a estudiantes, maestros y familias como subdirectora en la escuela secundaria Liberty High School. Anteriormente, ense\u00f1\u00e9 ingl\u00e9s durante 10 a\u00f1os en la misma escuela. Crec\u00ed jugando s\u00f3ftbol y andando en bicicleta en el barrio de James Buchanan, \u00a1y poder servir a la comunidad que me vio crecer es algo incre\u00edblemente especial!<\/span><\/p>\n<p><span style=\"font-weight: 400\">Mi mayor logro no es profesional, sino personal, ya que soy una orgullosa madre de dos hijos, Teagan y Logan. Quiero que sepan que tratar\u00e9 a los estudiantes de Buchanan como si fueran mis propios hijos. Trabajar\u00e9 incansablemente para garantizar que sus hijos tengan las mejores experiencias posibles en James Buchanan.<\/span><\/p>\n<p><span style=\"font-weight: 400\">Estoy agradecida por tener la oportunidad de ser su directora y me siento honrada de trabajar con un\u00a0 personal altamente calificado y dedicado, con estudiantes extraordinarios y con todos los padres que nos brindan su apoyo. Los a\u00f1os de la escuela primaria son cruciales para el desarrollo de los estudiantes y las familias, ya que sientan las bases para las habilidades que les servir\u00e1n durante toda la vida. Creo en la educaci\u00f3n integral de cada ni\u00f1o y en garantizar que sus hijos est\u00e9n seguros, sanos, motivados y reciban el apoyo necesario.<\/span><\/p>\n<p><span style=\"font-weight: 400\">\u00a1Espero conocerlos a ustedes y a sus hijos, y apoyar el excelente trabajo que se ha estado realizando en James Buchanan durante muchos a\u00f1os!<\/span><\/p>\n<p><span style=\"font-weight: 400\">Amanda Hinkel<\/span><\/p>\n<p><a href=\"http:\/\/basdwpweb.beth.k12.pa.us\/jamesbuchanan\/wp-content\/uploads\/sites\/11\/2021\/08\/D2441A41-A11D-4757-A24A-F903CF64FFB8.png\"><img loading=\"lazy\" decoding=\"async\" class=\"wp-image-1425 size-medium alignleft\" src=\"http:\/\/basdwpweb.beth.k12.pa.us\/jamesbuchanan\/wp-content\/uploads\/sites\/11\/2021\/08\/D2441A41-A11D-4757-A24A-F903CF64FFB8-240x300.png\" alt=\"\" width=\"240\" height=\"300\" srcset=\"https:\/\/basdwpweb.beth.k12.pa.us\/jamesbuchanan\/wp-content\/uploads\/sites\/11\/2021\/08\/D2441A41-A11D-4757-A24A-F903CF64FFB8-240x300.png 240w, https:\/\/basdwpweb.beth.k12.pa.us\/jamesbuchanan\/wp-content\/uploads\/sites\/11\/2021\/08\/D2441A41-A11D-4757-A24A-F903CF64FFB8.png 640w\" sizes=\"auto, (max-width: 240px) 100vw, 240px\" \/><\/a><\/p>\n","protected":false},"excerpt":{"rendered":"<p>Hello Buchanan Community!\u00a0 I am Amanda Hinkel, and I wanted to quickly introduce myself and express my excitement to be a part of the James&#8230;<\/p>\n","protected":false},"author":1,"featured_media":0,"parent":0,"menu_order":0,"comment_status":"closed","ping_status":"closed","template":"","meta":{"footnotes":""},"class_list":["post-125","page","type-page","status-publish","hentry"],"_links":{"self":[{"href":"https:\/\/basdwpweb.beth.k12.pa.us\/jamesbuchanan\/wp-json\/wp\/v2\/pages\/125","targetHints":{"allow":["GET"]}}],"collection":[{"href":"https:\/\/basdwpweb.beth.k12.pa.us\/jamesbuchanan\/wp-json\/wp\/v2\/pages"}],"about":[{"href":"https:\/\/basdwpweb.beth.k12.pa.us\/jamesbuchanan\/wp-json\/wp\/v2\/types\/page"}],"author":[{"embeddable":true,"href":"https:\/\/basdwpweb.beth.k12.pa.us\/jamesbuchanan\/wp-json\/wp\/v2\/users\/1"}],"replies":[{"embeddable":true,"href":"https:\/\/basdwpweb.beth.k12.pa.us\/jamesbuchanan\/wp-json\/wp\/v2\/comments?post=125"}],"version-history":[{"count":14,"href":"https:\/\/basdwpweb.beth.k12.pa.us\/jamesbuchanan\/wp-json\/wp\/v2\/pages\/125\/revisions"}],"predecessor-version":[{"id":4384,"href":"https:\/\/basdwpweb.beth.k12.pa.us\/jamesbuchanan\/wp-json\/wp\/v2\/pages\/125\/revisions\/4384"}],"wp:attachment":[{"href":"https:\/\/basdwpweb.beth.k12.pa.us\/jamesbuchanan\/wp-json\/wp\/v2\/media?parent=125"}],"curies":[{"name":"wp","href":"https:\/\/api.w.org\/{rel}","templated":true}]}}