{"id":7924,"date":"2025-06-14T00:49:39","date_gmt":"2025-06-14T04:49:39","guid":{"rendered":"https:\/\/basdwpweb.beth.k12.pa.us\/liberty\/?page_id=7924"},"modified":"2025-11-18T15:30:09","modified_gmt":"2025-11-18T20:30:09","slug":"lhs-principal","status":"publish","type":"page","link":"https:\/\/basdwpweb.beth.k12.pa.us\/liberty\/lhs-principal\/","title":{"rendered":"LHS Principal"},"content":{"rendered":"<div class=\"fcbkbttn_buttons_block\" id=\"fcbkbttn_left\"><div class=\"fcbkbttn_button\">\n\t\t\t\t\t<a href=\"https:\/\/www.facebook.com\/\" target=\"_blank\">\n\t\t\t\t\t\t<img decoding=\"async\" src=\"https:\/\/basdwpweb.beth.k12.pa.us\/liberty\/wp-content\/plugins\/facebook-button-plugin\/images\/standard-facebook-ico.png\" alt=\"Fb-Button\" \/>\n\t\t\t\t\t<\/a>\n\t\t\t\t<\/div><div class=\"fcbkbttn_like \"><fb:like href=\"https:\/\/basdwpweb.beth.k12.pa.us\/liberty\/lhs-principal\/\" action=\"like\" colorscheme=\"light\" layout=\"button_count\"  size=\"small\"><\/fb:like><\/div><\/div><p style=\"text-align: center\"><em><strong>Meet Liberty High School Principal, Mr. Brandon Horlick:<\/strong><\/em><\/p>\n<p style=\"text-align: center\"><strong>Mr. Horlick&#8217;s Video:\u00a0<\/strong><a href=\"https:\/\/www.youtube.com\/watch?v=t38AYKWIQ9E\" target=\"_blank\" rel=\"noopener\" data-saferedirecturl=\"https:\/\/www.google.com\/url?q=https:\/\/www.youtube.com\/watch?v%3Dt38AYKWIQ9E&amp;source=gmail&amp;ust=1750087124193000&amp;usg=AOvVaw2ujryUDNVBQ4lWfnpKk5ha\"><strong><u>https:\/\/www.youtube.com\/watch?v=t38AYKWIQ9E<\/u><\/strong><\/a><\/p>\n<p><a href=\"https:\/\/basdwpweb.beth.k12.pa.us\/liberty\/lhs-principal\/fullsizer-2\/\" rel=\"attachment wp-att-8727\"><img loading=\"lazy\" decoding=\"async\" class=\"size-medium wp-image-8727 aligncenter\" src=\"http:\/\/basdwpweb.beth.k12.pa.us\/liberty\/wp-content\/uploads\/sites\/7\/FullSizeR-2-225x300.jpg\" alt=\"\" width=\"225\" height=\"300\" srcset=\"https:\/\/basdwpweb.beth.k12.pa.us\/liberty\/wp-content\/uploads\/sites\/7\/FullSizeR-2-225x300.jpg 225w, https:\/\/basdwpweb.beth.k12.pa.us\/liberty\/wp-content\/uploads\/sites\/7\/FullSizeR-2-768x1024.jpg 768w, https:\/\/basdwpweb.beth.k12.pa.us\/liberty\/wp-content\/uploads\/sites\/7\/FullSizeR-2-1152x1536.jpg 1152w, https:\/\/basdwpweb.beth.k12.pa.us\/liberty\/wp-content\/uploads\/sites\/7\/FullSizeR-2.jpg 1536w\" sizes=\"auto, (max-width: 225px) 100vw, 225px\" \/><\/a><\/p>\n<p>Hello Liberty High School Community!<\/p>\n<p data-start=\"208\" data-end=\"361\">It is an honor to serve as the Principal of Liberty High School and to return to a school and community that have shaped much of my 15 year professional journey.<\/p>\n<p data-start=\"363\" data-end=\"873\">My career in education began in 2007 as a youth care worker at the Northampton County Juvenile Justice Center. That formative experience inspired me to become a teacher, and from 2010 to 2015, I taught high school social studies at the Roosevelt Campus of Norristown Area High School. In 2015, I joined the Liberty High School team as a special education teacher, co-teaching 9th and 10th grade Algebra. Those years gave me a deep appreciation for Liberty\u2019s tradition, diversity, and strong sense of community.<\/p>\n<p data-start=\"875\" data-end=\"1243\">In 2018, I moved into school leadership as an Assistant Principal at Nitschmann Middle School, where I had the privilege of supporting many future Hurricanes. Most recently, I served as Principal of Broughal Middle School for four years. I\u2019m thrilled to reconnect with many of my former students here at Liberty as they continue their journey in high school and beyond!<\/p>\n<p data-start=\"1245\" data-end=\"1489\">As a building leader, my primary focus is on fostering focused learning and high-level instruction, ensuring the safety and security of all students and staff, and providing support for the whole child &#8211; academically, socially, and emotionally.<\/p>\n<p data-start=\"1491\" data-end=\"1674\">Together with our dedicated staff and the Liberty community, I am committed to building on the school\u2019s proud legacy and helping every student thrive both in and out of the classroom.<\/p>\n<p data-start=\"1491\" data-end=\"1674\">Proud to Serve the LHS\/Bethlehem Community,<\/p>\n<p><a href=\"https:\/\/basdwpweb.beth.k12.pa.us\/liberty\/lhs-principal\/screen-shot-2025-06-14-at-12-55-34-am\/\" rel=\"attachment wp-att-7929\"><img loading=\"lazy\" decoding=\"async\" class=\"alignnone size-medium wp-image-7929\" src=\"http:\/\/basdwpweb.beth.k12.pa.us\/liberty\/wp-content\/uploads\/sites\/7\/Screen-Shot-2025-06-14-at-12.55.34-AM-300x136.png\" alt=\"\" width=\"300\" height=\"136\" srcset=\"https:\/\/basdwpweb.beth.k12.pa.us\/liberty\/wp-content\/uploads\/sites\/7\/Screen-Shot-2025-06-14-at-12.55.34-AM-300x136.png 300w, https:\/\/basdwpweb.beth.k12.pa.us\/liberty\/wp-content\/uploads\/sites\/7\/Screen-Shot-2025-06-14-at-12.55.34-AM.png 358w\" sizes=\"auto, (max-width: 300px) 100vw, 300px\" \/><\/a><\/p>\n<p data-start=\"1491\" data-end=\"1674\">Brandon Horlick<\/p>\n<p data-start=\"1491\" data-end=\"1674\">Principal, Liberty High School<\/p>\n<hr \/>\n<p>&nbsp;<\/p>\n<p>\u00a1Hola, comunidad de la Preparatoria Liberty!<\/p>\n<p>Es un honor ser directora de la Preparatoria Liberty y regresar a una escuela y comunidad que han marcado gran parte de mis 15 a\u00f1os de trayectoria profesional.<\/p>\n<p>Mi carrera en educaci\u00f3n comenz\u00f3 en 2007 como asistente social juvenil en el Centro de Justicia Juvenil del Condado de Northampton. Esa experiencia formativa me inspir\u00f3 a convertirme en maestra, y de 2010 a 2015 impart\u00ed estudios sociales en el Campus Roosevelt de la Preparatoria Norristown Area. En 2015, me un\u00ed al equipo de la Preparatoria Liberty como maestra de educaci\u00f3n especial, impartiendo clases conjuntas de \u00e1lgebra de 9.\u00ba y 10.\u00ba grado. Esos a\u00f1os me permitieron apreciar profundamente la tradici\u00f3n, la diversidad y el fuerte sentido de comunidad de Liberty.<\/p>\n<p>En 2018, me incorpor\u00e9 al liderazgo escolar como subdirectora de la Escuela Intermedia Nitschmann, donde tuve el privilegio de apoyar a muchos futuros huracanes. Recientemente, fui directora de la Escuela Intermedia Broughal durante cuatro a\u00f1os. Me emociona reencontrarme con muchos de mis antiguos alumnos aqu\u00ed en Liberty mientras contin\u00faan su camino en la preparatoria y m\u00e1s all\u00e1.<\/p>\n<p>Como l\u00edder de escuela, mi enfoque principal es fomentar un aprendizaje enfocado y una instrucci\u00f3n de alto nivel, garantizar la seguridad de todos los estudiantes y el personal, y brindar apoyo integral al ni\u00f1o: acad\u00e9mica, social y emocionalmente.<\/p>\n<p>Junto con nuestro dedicado personal y la comunidad de Liberty, me comprometo a seguir construyendo el orgulloso legado de la escuela y a ayudar a cada estudiante a prosperar tanto dentro como fuera del aula.<\/p>\n<p>Orgulloso de servir a la comunidad de LHS\/Bethlehem.<\/p>\n<p><a href=\"https:\/\/basdwpweb.beth.k12.pa.us\/liberty\/lhs-principal\/screen-shot-2025-06-14-at-12-55-34-am\/\" rel=\"attachment wp-att-7929\"><img loading=\"lazy\" decoding=\"async\" class=\"alignnone size-medium wp-image-7929\" src=\"http:\/\/basdwpweb.beth.k12.pa.us\/liberty\/wp-content\/uploads\/sites\/7\/Screen-Shot-2025-06-14-at-12.55.34-AM-300x136.png\" alt=\"\" width=\"300\" height=\"136\" srcset=\"https:\/\/basdwpweb.beth.k12.pa.us\/liberty\/wp-content\/uploads\/sites\/7\/Screen-Shot-2025-06-14-at-12.55.34-AM-300x136.png 300w, https:\/\/basdwpweb.beth.k12.pa.us\/liberty\/wp-content\/uploads\/sites\/7\/Screen-Shot-2025-06-14-at-12.55.34-AM.png 358w\" sizes=\"auto, (max-width: 300px) 100vw, 300px\" \/><\/a><\/p>\n<p>Brandon Horlick<\/p>\n<p>Director, Preparatoria Liberty<\/p>\n","protected":false},"excerpt":{"rendered":"<p>Meet Liberty High School Principal, Mr. Brandon Horlick: Mr. Horlick&#8217;s Video:\u00a0https:\/\/www.youtube.com\/watch?v=t38AYKWIQ9E Hello Liberty High School Community! It is an honor to serve as the Principal&#8230;<\/p>\n","protected":false},"author":73,"featured_media":0,"parent":0,"menu_order":0,"comment_status":"closed","ping_status":"closed","template":"","meta":{"footnotes":""},"class_list":["post-7924","page","type-page","status-publish","hentry"],"_links":{"self":[{"href":"https:\/\/basdwpweb.beth.k12.pa.us\/liberty\/wp-json\/wp\/v2\/pages\/7924","targetHints":{"allow":["GET"]}}],"collection":[{"href":"https:\/\/basdwpweb.beth.k12.pa.us\/liberty\/wp-json\/wp\/v2\/pages"}],"about":[{"href":"https:\/\/basdwpweb.beth.k12.pa.us\/liberty\/wp-json\/wp\/v2\/types\/page"}],"author":[{"embeddable":true,"href":"https:\/\/basdwpweb.beth.k12.pa.us\/liberty\/wp-json\/wp\/v2\/users\/73"}],"replies":[{"embeddable":true,"href":"https:\/\/basdwpweb.beth.k12.pa.us\/liberty\/wp-json\/wp\/v2\/comments?post=7924"}],"version-history":[{"count":11,"href":"https:\/\/basdwpweb.beth.k12.pa.us\/liberty\/wp-json\/wp\/v2\/pages\/7924\/revisions"}],"predecessor-version":[{"id":8729,"href":"https:\/\/basdwpweb.beth.k12.pa.us\/liberty\/wp-json\/wp\/v2\/pages\/7924\/revisions\/8729"}],"wp:attachment":[{"href":"https:\/\/basdwpweb.beth.k12.pa.us\/liberty\/wp-json\/wp\/v2\/media?parent=7924"}],"curies":[{"name":"wp","href":"https:\/\/api.w.org\/{rel}","templated":true}]}}