{"id":125,"date":"2016-01-15T16:18:17","date_gmt":"2016-01-15T16:18:17","guid":{"rendered":"http:\/\/basdwpweb.beth.k12.pa.us\/marvine\/?page_id=125"},"modified":"2026-04-08T22:27:19","modified_gmt":"2026-04-08T22:27:19","slug":"principal","status":"publish","type":"page","link":"https:\/\/basdwpweb.beth.k12.pa.us\/marvine\/principal\/","title":{"rendered":"Principal"},"content":{"rendered":"<div class=\"fcbkbttn_buttons_block\" id=\"fcbkbttn_left\"><div class=\"fcbkbttn_button\">\n\t\t\t\t\t<a href=\"https:\/\/www.facebook.com\/\" target=\"_blank\">\n\t\t\t\t\t\t<img decoding=\"async\" src=\"https:\/\/basdwpweb.beth.k12.pa.us\/marvine\/wp-content\/plugins\/facebook-button-plugin\/images\/standard-facebook-ico.png\" alt=\"Fb-Button\" \/>\n\t\t\t\t\t<\/a>\n\t\t\t\t<\/div><div class=\"fcbkbttn_like \"><fb:like href=\"https:\/\/basdwpweb.beth.k12.pa.us\/marvine\/principal\/\" action=\"like\" colorscheme=\"light\" layout=\"button_count\"  size=\"small\"><\/fb:like><\/div><\/div><div><a href=\"http:\/\/basdwpweb.beth.k12.pa.us\/marvine\/wp-content\/uploads\/sites\/18\/Copy-of-Jimenez_Julissa.jpg\"><img loading=\"lazy\" decoding=\"async\" class=\"wp-image-6666 size-medium alignright\" src=\"http:\/\/basdwpweb.beth.k12.pa.us\/marvine\/wp-content\/uploads\/sites\/18\/Copy-of-Jimenez_Julissa-240x300.jpg\" alt=\"\" width=\"240\" height=\"300\" srcset=\"https:\/\/basdwpweb.beth.k12.pa.us\/marvine\/wp-content\/uploads\/sites\/18\/Copy-of-Jimenez_Julissa-240x300.jpg 240w, https:\/\/basdwpweb.beth.k12.pa.us\/marvine\/wp-content\/uploads\/sites\/18\/Copy-of-Jimenez_Julissa-819x1024.jpg 819w, https:\/\/basdwpweb.beth.k12.pa.us\/marvine\/wp-content\/uploads\/sites\/18\/Copy-of-Jimenez_Julissa-768x960.jpg 768w, https:\/\/basdwpweb.beth.k12.pa.us\/marvine\/wp-content\/uploads\/sites\/18\/Copy-of-Jimenez_Julissa.jpg 1200w\" sizes=\"auto, (max-width: 240px) 100vw, 240px\" \/><\/a><\/div>\n<div>\n<div class=\"gmail_default\">\n<div class=\"gmail_default\">\n<div class=\"gmail_default\">Dear Marvine Families,<\/div>\n<div class=\"gmail_default\"><\/div>\n<div class=\"gmail_default\">Welcome to Marvine Elementary School\u2014home of the Mustangs! It is both an honor and a joy to serve as your principal as we continue our shared commitment to providing an inclusive, engaging, and high-quality educational experience for every student.<\/div>\n<div class=\"gmail_default\">\n<p>At Marvine, we believe that all children can learn and thrive when they are supported, challenged, and inspired. With strong partnerships between school, home, and community, we will empower our students to become critical thinkers, kind citizens, and lifelong learners. We ask that you guide and support your child\u2019s learning by ensuring that they:<\/p>\n<ul>\n<li>Attend school EVERY DAY!<\/li>\n<li>Arrive ON TIME, ready for the day\u2019s learning experience &#8211; our doors open at 8:55 AM<\/li>\n<li>Make good choices, is respectful, and shows good citizenship as a Marvine Mustang<\/li>\n<li>Give their best effort in learning and growing<\/li>\n<li>Complete all homework assignments given by teachers<\/li>\n<li>Read daily to develop a love for reading and to improve literacy skills<\/li>\n<li>Share\u00a0school experiences with you so that you are aware of their school life<\/li>\n<li>Know\u00a0that YOU also expect them to succeed in school, and in life!<\/li>\n<\/ul>\n<p>Our dedicated teachers and staff are ready to provide a safe, welcoming, and nurturing environment where each child is encouraged to achieve their personal best\u2014academically, socially, and emotionally. We are committed to fostering a school culture that values\u00a0<strong>respect, responsibility, safety, and accountability.<\/strong><\/p>\n<p>Whether you&#8217;re a returning family or new to our school, we encourage you to stay involved and connected. Explore our website, review our\u00a0<a href=\"https:\/\/docs.google.com\/document\/d\/1SI_pB2hK13zuW1RRg43YOquPNeuiO7To\/edit?usp=sharing&amp;ouid=115675658599212030713&amp;rtpof=true&amp;sd=true\" target=\"_blank\" rel=\"noopener\" data-saferedirecturl=\"https:\/\/www.google.com\/url?q=https:\/\/docs.google.com\/document\/d\/1SI_pB2hK13zuW1RRg43YOquPNeuiO7To\/edit?usp%3Dsharing%26ouid%3D115675658599212030713%26rtpof%3Dtrue%26sd%3Dtrue&amp;source=gmail&amp;ust=1753986895617000&amp;usg=AOvVaw0r5BqrBsjxPhscbnmW_rxu\">Marvine Family Handbook<\/a>, attend school events, and never hesitate to reach out. We are a school community that believes in the power of unity, empathy, and high expectations.<\/p>\n<p>Let\u2019s make this year a year of purpose, growth, and Mustang pride!<\/p>\n<p>Warmly,<br \/>\n<strong>Mrs. Jimenez<\/strong><br \/>\nPrincipal<br \/>\nMarvine Elementary School<\/p>\n<p>#GoMarvineMustangs!<\/p>\n<p><img decoding=\"async\" class=\"an1\" src=\"https:\/\/fonts.gstatic.com\/s\/e\/notoemoji\/16.0\/1f40e\/72.png\" alt=\"\ud83d\udc0e\" data-emoji=\"\ud83d\udc0e\" aria-label=\"\ud83d\udc0e\" \/><\/p>\n<p>&#8212;&#8212;&#8212;&#8212;&#8212;&#8212;&#8212;&#8212;&#8212;&#8211;<\/p>\n<p>Estimadas Familias de Marvine:<\/p>\n<p>\u00a1Bienvenidos a la Escuela Primaria Marvine, hogar de los Mustangs! Es un honor y una alegr\u00eda ser su directora, mientras continuamos con nuestro compromiso compartido de brindar una experiencia educativa inclusiva, interactiva y de alta calidad para cada estudiante.<\/p>\n<p>En Marvine, creemos que todos los ni\u00f1os pueden aprender y prosperar cuando reciben apoyo, retos e inspiraci\u00f3n. Con s\u00f3lidas alianzas entre la escuela, el hogar y la comunidad, empoderaremos a nuestros estudiantes para que se conviertan en pensadores cr\u00edticos, ciudadanos bondadosos y aprendices de por vida. Les pedimos que gu\u00eden y apoyen el aprendizaje de sus hijos, asegur\u00e1ndose de que ellos:<\/p>\n<ul>\n<li>\u00a1Asistan a la escuela TODOS LOS D\u00cdAS!<\/li>\n<li>Lleguen PUNTUALMENTE, listos para la experiencia de aprendizaje del d\u00eda: nuestras puertas abren a las 8:55 AM<\/li>\n<li>Toman buenas decisiones, sean respetuosos y demuestran buena ciudadan\u00eda como Mustang de Marvine.<\/li>\n<li>Dan lo mejor de s\u00ed mismos en su aprendizaje y crecimiento.<\/li>\n<li>Completan todas las tareas asignadas por los maestros.<\/li>\n<li>Lean a diario para desarrollar el amor por la lectura y mejorar sus habilidades de lectoescritura.<\/li>\n<li>Compartan experiencias escolares con usted para que est\u00e9 al tanto de su vida escolar.<\/li>\n<li>\u00a1Sepan que USTED tambi\u00e9n espera que tengan \u00e9xito en la escuela y en la vida!<\/li>\n<\/ul>\n<p>Nuestros dedicados maestros y personal est\u00e1n listos para brindar un entorno seguro, acogedor y enriquecedor donde se anima a cada ni\u00f1o a alcanzar su m\u00e1ximo potencial acad\u00e9mico, social y emocional. Nos comprometemos a fomentar una cultura escolar que valore el respeto, la responsabilidad, la seguridad y la rendici\u00f3n de cuentas.<\/p>\n<p>Ya sea que su familia regrese o sea nueva en nuestra escuela, los animamos a mantenerse involucrados y conectados. Exploren nuestro sitio web, revisen nuestro\u00a0<a href=\"https:\/\/docs.google.com\/document\/d\/1SI_pB2hK13zuW1RRg43YOquPNeuiO7To\/edit?usp=sharing&amp;ouid=115675658599212030713&amp;rtpof=true&amp;sd=true\" target=\"_blank\" rel=\"noopener\" data-saferedirecturl=\"https:\/\/www.google.com\/url?q=https:\/\/docs.google.com\/document\/d\/1SI_pB2hK13zuW1RRg43YOquPNeuiO7To\/edit?usp%3Dsharing%26ouid%3D115675658599212030713%26rtpof%3Dtrue%26sd%3Dtrue&amp;source=gmail&amp;ust=1753986895617000&amp;usg=AOvVaw0r5BqrBsjxPhscbnmW_rxu\">Manual para Familias de Marvine<\/a>, asistan a los eventos escolares y no duden en contactarnos. Somos una comunidad escolar que cree en el poder de la unidad, la empat\u00eda y las altas expectativas.<\/p>\n<p>\u00a1Hagamos este a\u00f1o un a\u00f1o de prop\u00f3sito, crecimiento y orgullo Mustang!<\/p>\n<p>Afectuosamente,<br \/>\n<b>Sra. Jim\u00e9nez<\/b><br \/>\nDirectora<br \/>\nEscuela Primaria Marvine<\/p>\n<p>#GoMarvineMustangs!<\/p>\n<\/div>\n<p><img decoding=\"async\" class=\"an1\" src=\"https:\/\/fonts.gstatic.com\/s\/e\/notoemoji\/16.0\/1f40e\/72.png\" alt=\"\ud83d\udc0e\" data-emoji=\"\ud83d\udc0e\" aria-label=\"\ud83d\udc0e\" \/><\/p>\n<\/div>\n<div class=\"gmail_default\"><\/div>\n<\/div>\n<\/div>\n","protected":false},"excerpt":{"rendered":"<p>Dear Marvine Families, Welcome to Marvine Elementary School\u2014home of the Mustangs! It is both an honor and a joy to serve as your principal as&#8230;<\/p>\n","protected":false},"author":1,"featured_media":0,"parent":0,"menu_order":0,"comment_status":"closed","ping_status":"closed","template":"","meta":{"footnotes":""},"class_list":["post-125","page","type-page","status-publish","hentry"],"_links":{"self":[{"href":"https:\/\/basdwpweb.beth.k12.pa.us\/marvine\/wp-json\/wp\/v2\/pages\/125","targetHints":{"allow":["GET"]}}],"collection":[{"href":"https:\/\/basdwpweb.beth.k12.pa.us\/marvine\/wp-json\/wp\/v2\/pages"}],"about":[{"href":"https:\/\/basdwpweb.beth.k12.pa.us\/marvine\/wp-json\/wp\/v2\/types\/page"}],"author":[{"embeddable":true,"href":"https:\/\/basdwpweb.beth.k12.pa.us\/marvine\/wp-json\/wp\/v2\/users\/1"}],"replies":[{"embeddable":true,"href":"https:\/\/basdwpweb.beth.k12.pa.us\/marvine\/wp-json\/wp\/v2\/comments?post=125"}],"version-history":[{"count":20,"href":"https:\/\/basdwpweb.beth.k12.pa.us\/marvine\/wp-json\/wp\/v2\/pages\/125\/revisions"}],"predecessor-version":[{"id":6668,"href":"https:\/\/basdwpweb.beth.k12.pa.us\/marvine\/wp-json\/wp\/v2\/pages\/125\/revisions\/6668"}],"wp:attachment":[{"href":"https:\/\/basdwpweb.beth.k12.pa.us\/marvine\/wp-json\/wp\/v2\/media?parent=125"}],"curies":[{"name":"wp","href":"https:\/\/api.w.org\/{rel}","templated":true}]}}